{"id":939,"date":"2023-01-24T12:15:39","date_gmt":"2023-01-24T12:15:39","guid":{"rendered":"https:\/\/brokers.tech-impulse.com\/?page_id=939"},"modified":"2024-03-07T09:00:59","modified_gmt":"2024-03-07T09:00:59","slug":"contacto","status":"publish","type":"page","link":"https:\/\/contramaltratoanimal.org\/?page_id=939","title":{"rendered":"Contacto"},"content":{"rendered":"<h2 class=\"bold wp-block-post-title\">Contacto<\/h2>\n\n\n<div id=\"gspb_container-id-gsbp-a145cbb1-0928\" class=\"gspb_container gspb_container-gsbp-a145cbb1-0928 wp-block-greenshift-blocks-container\" data-aos=\"fade-up\" data-aos-easing=\"ease\" data-aos-duration=\"700\" data-aos-once=\"true\">\n<p>Este formulario te ayudar\u00e1 a ponerte en contacto con nuestra fundaci\u00f3n.<\/p>\n\n\n\n<p>Si tienes alguna duda, sugerencia o necesitas informaci\u00f3n, no dudes en contactarnos.<\/p>\n\n\n\n<p>Nos pondremos en contacto contigo a la mayor brevedad posible.<\/p>\n\n\n\n<p><\/p>\n<\/div>\n\n\n\n<div id=\"gspb_container-id-gsbp-617028e2-081a\" class=\"gspb_container gspb_container-gsbp-617028e2-081a wp-block-greenshift-blocks-container\" data-aos=\"fade-up\" data-aos-easing=\"ease\" data-aos-duration=\"700\">\n<p>Puedes seguirnos en nuestras Redes Sociales: <\/p>\n\n\n\n<div id=\"gspb_container-id-gsbp-b66e787a-83d5\" class=\"gspb_container gspb_container-gsbp-b66e787a-83d5 wp-block-greenshift-blocks-container\">\n<div id=\"gspb_iconBox-id-gsbp-e47784f8-e0c2\" class=\"gspb_iconBox gspb_iconBox-id-gsbp-e47784f8-e0c2 wp-block-greenshift-blocks-iconbox\"><a class=\"gspb-containerlink\" href=\"https:\/\/www.instagram.com\/fundacion_contramaltratoanimal?igsh=MzRlODBiNWFlZA==\" target=\"_blank\" rel=\"noopener\"><div class=\"gspb_iconBox__wrapper\" style=\"display:inline-flex\"><svg class=\"\" style=\"display:inline-block;vertical-align:middle\" width=\"72\" height=\"72\" viewBox=\"0 0 896 1024\" xmlns=\"http:\/\/www.w3.org\/2000\/svg\"><path style=\"fill:#565D66\" d=\"M448.2 282c-127.2 0-229.8 102.6-229.8 229.8s102.6 229.8 229.8 229.8 229.8-102.6 229.8-229.8-102.6-229.8-229.8-229.8zM448.2 661.2c-82.2 0-149.4-67-149.4-149.4s67-149.4 149.4-149.4 149.4 67 149.4 149.4-67.2 149.4-149.4 149.4zM741 272.6c0 29.8-24 53.6-53.6 53.6-29.8 0-53.6-24-53.6-53.6s24-53.6 53.6-53.6 53.6 24 53.6 53.6zM893.2 327c-3.4-71.8-19.8-135.4-72.4-187.8-52.4-52.4-116-68.8-187.8-72.4-74-4.2-295.8-4.2-369.8 0-71.6 3.4-135.2 19.8-187.8 72.2s-68.8 116-72.4 187.8c-4.2 74-4.2 295.8 0 369.8 3.4 71.8 19.8 135.4 72.4 187.8s116 68.8 187.8 72.4c74 4.2 295.8 4.2 369.8 0 71.8-3.4 135.4-19.8 187.8-72.4 52.4-52.4 68.8-116 72.4-187.8 4.2-74 4.2-295.6 0-369.6zM797.6 776c-15.6 39.2-45.8 69.4-85.2 85.2-59 23.4-199 18-264.2 18s-205.4 5.2-264.2-18c-39.2-15.6-69.4-45.8-85.2-85.2-23.4-59-18-199-18-264.2s-5.2-205.4 18-264.2c15.6-39.2 45.8-69.4 85.2-85.2 59-23.4 199-18 264.2-18s205.4-5.2 264.2 18c39.2 15.6 69.4 45.8 85.2 85.2 23.4 59 18 199 18 264.2s5.4 205.4-18 264.2z\"><\/path><\/svg><\/div><\/a><\/div>\n\n\n\n<div id=\"gspb_iconBox-id-gsbp-bd76b3f3-b3ff\" class=\"gspb_iconBox gspb_iconBox-id-gsbp-bd76b3f3-b3ff wp-block-greenshift-blocks-iconbox\"><a class=\"gspb-containerlink\" href=\"https:\/\/www.facebook.com\/Contramaltratoanimal.org?sfnsn=scwspwa\" target=\"_blank\" rel=\"noopener\"><div class=\"gspb_iconBox__wrapper\" style=\"display:inline-flex\"><svg class=\"\" style=\"display:inline-block;vertical-align:middle\" width=\"72\" height=\"72\" viewBox=\"0 0 1024 1024\" xmlns=\"http:\/\/www.w3.org\/2000\/svg\"><path style=\"fill:#565D66\" d=\"M1008 512c0-274-222-496-496-496s-496 222-496 496c0 247.56 181.38 452.76 418.5 490v-346.62h-126v-143.38h126v-109.28c0-124.3 74-192.96 187.34-192.96 54.28 0 111.040 9.68 111.040 9.68v122h-62.56c-61.6 0-80.82 38.24-80.82 77.46v93.1h137.56l-22 143.38h-115.56v346.62c237.12-37.24 418.5-242.44 418.5-490z\"><\/path><\/svg><\/div><\/a><\/div>\n<\/div>\n<\/div>\n\n\n\n<div style=\"height:25px\" aria-hidden=\"true\" class=\"wp-block-spacer\"><\/div>\n\n\n\n<div id=\"gspb_container-id-gsbp-b1c8beea-157d\" class=\"gspb_container gspb_container-gsbp-b1c8beea-157d wp-block-greenshift-blocks-container\" data-aos=\"fade-up\" data-aos-easing=\"ease\" data-aos-duration=\"700\" data-aos-once=\"true\">\n<div id=\"gspb_container-id-gsbp-7a47323a-22f1\" class=\"gspb_container gspb_container-gsbp-7a47323a-22f1 wp-block-greenshift-blocks-container\">\n<div class=\"wp-block-contact-form-7-contact-form-selector\"><div class=\"wpcf7 no-js\" id=\"wpcf7-f3049-o1\" lang=\"es-ES\" dir=\"ltr\">\n<div class=\"screen-reader-response\"><p role=\"status\" aria-live=\"polite\" aria-atomic=\"true\"><\/p> <ul><\/ul><\/div>\n<form action=\"\/index.php?rest_route=%2Fwp%2Fv2%2Fpages%2F939#wpcf7-f3049-o1\" method=\"post\" class=\"wpcf7-form init\" id=\"form_esp\" name=\"Formularioesp\" aria-label=\"Hola\" novalidate=\"novalidate\" data-status=\"init\">\n<div style=\"display: none;\">\n<input type=\"hidden\" name=\"_wpcf7\" value=\"3049\" \/>\n<input type=\"hidden\" name=\"_wpcf7_version\" value=\"5.7.2\" \/>\n<input type=\"hidden\" name=\"_wpcf7_locale\" value=\"es_ES\" \/>\n<input type=\"hidden\" name=\"_wpcf7_unit_tag\" value=\"wpcf7-f3049-o1\" \/>\n<input type=\"hidden\" name=\"_wpcf7_container_post\" value=\"0\" \/>\n<input type=\"hidden\" name=\"_wpcf7_posted_data_hash\" value=\"\" \/>\n<\/div>\n<style>\nlabel b, #privacidad-enviar b{\n color:red;\n}\n<\/style>\n<p><label> Tu nombre <b>*<\/b><br \/>\n<span class=\"wpcf7-form-control-wrap\" data-name=\"your-name\"><input size=\"40\" class=\"wpcf7-form-control wpcf7-text wpcf7-validates-as-required\" autocomplete=\"name\" aria-required=\"true\" aria-invalid=\"false\" value=\"\" type=\"text\" name=\"your-name\" \/><\/span> <\/label>\n<\/p>\n<p><label> Tu correo electr\u00f3nico <b>*<\/b><br \/>\n<span class=\"wpcf7-form-control-wrap\" data-name=\"your-email\"><input size=\"40\" class=\"wpcf7-form-control wpcf7-text wpcf7-email wpcf7-validates-as-required wpcf7-validates-as-email\" autocomplete=\"email\" aria-required=\"true\" aria-invalid=\"false\" value=\"\" type=\"email\" name=\"your-email\" \/><\/span> <\/label>\n<\/p>\n<p><label> Asunto <b>*<\/b><br \/>\n<span class=\"wpcf7-form-control-wrap\" data-name=\"your-subject\"><input size=\"40\" class=\"wpcf7-form-control wpcf7-text wpcf7-validates-as-required\" aria-required=\"true\" aria-invalid=\"false\" value=\"\" type=\"text\" name=\"your-subject\" \/><\/span> <\/label>\n<\/p>\n<p><label> Tu mensaje (opcional)<br \/>\n<span class=\"wpcf7-form-control-wrap\" data-name=\"your-message\"><textarea cols=\"40\" rows=\"10\" class=\"wpcf7-form-control wpcf7-textarea\" aria-invalid=\"false\" name=\"your-message\"><\/textarea><\/span> <\/label>\n<\/p>\n<div id=\"privacidad-enviar\">\n\t<p style=\"color:grey\">Los campos marcados con un asterisco (*) son obligatorios.\n\t<\/p>\n\t<p><label id=\"lbl-privacidad\">Terminos y condiciones <a href=\"https:\/\/brokers.tech-impulse.com\/?page_id=260\">pol\u00edtica de privacidad<\/a> <b>*<\/b><br \/>\n<span class=\"wpcf7-form-control-wrap\" data-name=\"chk-privacidad\"><span class=\"wpcf7-form-control wpcf7-checkbox wpcf7-validates-as-required\"><span class=\"wpcf7-list-item first last\"><label><input type=\"checkbox\" name=\"chk-privacidad[]\" value=\"Confirmo que he le\u00eddo y acepto los t\u00e9rminos y condiciones y la pol\u00edtica de privacidad.\" tabindex=\"\" \/><span class=\"wpcf7-list-item-label\">Confirmo que he le\u00eddo y acepto los t\u00e9rminos y condiciones y la pol\u00edtica de privacidad.<\/span><\/label><\/span><\/span><\/span><br \/>\n<\/label><br \/>\n<input class=\"wpcf7-form-control has-spinner wpcf7-submit\" type=\"submit\" value=\"Enviar\" \/>\n\t<\/p>\n<\/div><div class=\"wpcf7-response-output\" aria-hidden=\"true\"><\/div><\/form><\/div><\/div>\n<\/div>\n<\/div>\n","protected":false},"excerpt":{"rendered":"","protected":false},"author":1,"featured_media":0,"parent":0,"menu_order":0,"comment_status":"closed","ping_status":"closed","template":"","meta":{"_gspb_post_css":"#gspb_container-id-gsbp-a145cbb1-0928.gspb_container{position:relative;flex-direction:column;box-sizing:border-box;transition-duration:.7s;transition-timing-function:ease;opacity:0;transition-property:opacity,transform;transform:translate3d(0,60px,0)}#gspb_container-id-gsbp-a145cbb1-0928.gspb_container .gspb_container__content{margin:auto}#gspb_container-id-gsbp-617028e2-081a.gspb_container>p:last-of-type,#gspb_container-id-gsbp-7a47323a-22f1.gspb_container>p:last-of-type,#gspb_container-id-gsbp-a145cbb1-0928.gspb_container>p:last-of-type,#gspb_container-id-gsbp-b1c8beea-157d.gspb_container>p:last-of-type,#gspb_container-id-gsbp-b66e787a-83d5.gspb_container>p:last-of-type{margin-bottom:0}#gspb_container-id-gsbp-a145cbb1-0928.gspb_container.aos-animate,#gspb_container-id-gsbp-a145cbb1-0928.gspb_container[data-gs-aos]{opacity:1;transform:translateZ(0)}#gspb_iconBox-id-gsbp-e47784f8-e0c2 svg{width:72px}#gspb_iconBox-id-gsbp-bd76b3f3-b3ff a,#gspb_iconBox-id-gsbp-e47784f8-e0c2 a{justify-content:center;display:flex}#gspb_iconBox-id-gsbp-e47784f8-e0c2 svg,#gspb_iconBox-id-gsbp-e47784f8-e0c2 svg path,#gspb_iconBox-id-gsbp-e47784f8-e0c2 svg:hover,#gspb_iconBox-id-gsbp-e47784f8-e0c2 svg:hover path{fill:#2184f9!important}#gspb_iconBox-id-gsbp-bd76b3f3-b3ff svg{width:72px;fill:#2184f9!important}#gspb_iconBox-id-gsbp-bd76b3f3-b3ff svg path,#gspb_iconBox-id-gsbp-bd76b3f3-b3ff svg:hover,#gspb_iconBox-id-gsbp-bd76b3f3-b3ff svg:hover path{fill:#2184f9!important}#gspb_container-id-gsbp-7a47323a-22f1.gspb_container,#gspb_container-id-gsbp-b1c8beea-157d.gspb_container,#gspb_container-id-gsbp-b66e787a-83d5.gspb_container{position:relative;flex-direction:column;box-sizing:border-box}#gspb_container-id-gsbp-7a47323a-22f1.gspb_container .gspb_container__content,#gspb_container-id-gsbp-b1c8beea-157d.gspb_container .gspb_container__content,#gspb_container-id-gsbp-b66e787a-83d5.gspb_container .gspb_container__content{margin:auto}body.gspb-bodyfront #gspb_container-id-gsbp-b66e787a-83d5.gspb_container{display:flex;flex-direction:row;justify-content:flex-start;align-content:center;align-items:stretch;column-gap:20px}body.gspb-bodyfront #gspb_container-id-gsbp-7a47323a-22f1.gspb_container{width:100%;min-width:100%}body.gspb-bodyfront #gspb_container-id-gsbp-b1c8beea-157d.gspb_container{display:flex;flex-direction:row;flex-wrap:nowrap;justify-content:center;align-content:center;align-items:center}#gspb_container-id-gsbp-617028e2-081a.gspb_container,#gspb_container-id-gsbp-b1c8beea-157d.gspb_container{transition-duration:.7s;transition-timing-function:ease;opacity:0;transition-property:opacity,transform;transform:translate3d(0,60px,0)}#gspb_container-id-gsbp-b1c8beea-157d.gspb_container.aos-animate,#gspb_container-id-gsbp-b1c8beea-157d.gspb_container[data-gs-aos]{opacity:1;transform:translateZ(0)}#gspb_container-id-gsbp-617028e2-081a.gspb_container{position:relative;flex-direction:column;box-sizing:border-box}#gspb_container-id-gsbp-617028e2-081a.gspb_container .gspb_container__content{margin:auto}#gspb_container-id-gsbp-617028e2-081a.gspb_container.aos-animate,#gspb_container-id-gsbp-617028e2-081a.gspb_container[data-gs-aos]{opacity:1;transform:translateZ(0)}","footnotes":""},"_links":{"self":[{"href":"https:\/\/contramaltratoanimal.org\/index.php?rest_route=\/wp\/v2\/pages\/939"}],"collection":[{"href":"https:\/\/contramaltratoanimal.org\/index.php?rest_route=\/wp\/v2\/pages"}],"about":[{"href":"https:\/\/contramaltratoanimal.org\/index.php?rest_route=\/wp\/v2\/types\/page"}],"author":[{"embeddable":true,"href":"https:\/\/contramaltratoanimal.org\/index.php?rest_route=\/wp\/v2\/users\/1"}],"replies":[{"embeddable":true,"href":"https:\/\/contramaltratoanimal.org\/index.php?rest_route=%2Fwp%2Fv2%2Fcomments&post=939"}],"version-history":[{"count":29,"href":"https:\/\/contramaltratoanimal.org\/index.php?rest_route=\/wp\/v2\/pages\/939\/revisions"}],"predecessor-version":[{"id":3123,"href":"https:\/\/contramaltratoanimal.org\/index.php?rest_route=\/wp\/v2\/pages\/939\/revisions\/3123"}],"wp:attachment":[{"href":"https:\/\/contramaltratoanimal.org\/index.php?rest_route=%2Fwp%2Fv2%2Fmedia&parent=939"}],"curies":[{"name":"wp","href":"https:\/\/api.w.org\/{rel}","templated":true}]}}